{"id":806,"date":"2025-01-22T08:38:04","date_gmt":"2025-01-22T08:38:04","guid":{"rendered":"https:\/\/hashtagmedia.no\/?page_id=806"},"modified":"2025-01-23T14:01:21","modified_gmt":"2025-01-23T14:01:21","slug":"web-tasarim","status":"publish","type":"page","link":"https:\/\/hashtagmedia.no\/nb\/vare-tjenester\/nett\/webdesign\/","title":{"rendered":"Nettdesign"},"content":{"rendered":"<div data-elementor-type=\"wp-page\" data-elementor-id=\"806\" class=\"elementor elementor-806\" data-elementor-post-type=\"page\">\n\t\t\t\t<div class=\"elementor-element elementor-element-54f7236 sayfaustu e-flex e-con-boxed e-con e-parent\" data-id=\"54f7236\" data-element_type=\"container\" data-settings=\"{&quot;background_background&quot;:&quot;classic&quot;}\">\n\t\t\t\t\t<div class=\"e-con-inner\">\n\t\t\t\t<div class=\"elementor-element elementor-element-76c63d8 elementor-widget elementor-widget-heading\" data-id=\"76c63d8\" data-element_type=\"widget\" data-widget_type=\"heading.default\">\n\t\t\t\t<div class=\"elementor-widget-container\">\n\t\t\t\t\t<h1 class=\"elementor-heading-title elementor-size-default\">Nettdesign<\/h1>\t\t\t\t<\/div>\n\t\t\t\t<\/div>\n\t\t\t\t\t<\/div>\n\t\t\t\t<\/div>\n\t\t<div class=\"elementor-element elementor-element-bd7f2f6 e-flex e-con-boxed e-con e-parent\" data-id=\"bd7f2f6\" data-element_type=\"container\">\n\t\t\t\t\t<div class=\"e-con-inner\">\n\t\t<div class=\"elementor-element elementor-element-a6b140c e-con-full e-flex e-con e-child\" data-id=\"a6b140c\" data-element_type=\"container\" data-settings=\"{&quot;background_background&quot;:&quot;classic&quot;}\">\n\t\t<div class=\"elementor-element elementor-element-0605275 e-con-full e-flex e-con e-child\" data-id=\"0605275\" data-element_type=\"container\">\n\t\t\t\t<div class=\"elementor-element elementor-element-46950524 elementor-widget elementor-widget-text-editor\" data-id=\"46950524\" data-element_type=\"widget\" data-widget_type=\"text-editor.default\">\n\t\t\t\t<div class=\"elementor-widget-container\">\n\t\t\t\t\t\t\t\t\t<p>Et av Europas ledende byr\u00e5er&nbsp;<strong>Hashtag Media<\/strong>'s profesjonelle forretningsomr\u00e5de omfatter webdesign, webprogramvare, design av bedriftsidentitet og digitale markedsf\u00f8ringsl\u00f8sninger for sine kunder. V\u00e5r f\u00f8rsteprioritet er \u00e5 formidle de mest n\u00f8yaktige visuelle budskapene til m\u00e5lgruppen din i v\u00e5r webdesignprosess, som vi definerer som en produksjonsprosess der kunst og briljante ideer blandes sammen, noe som er langt mer enn \u00e5 v\u00e6re en \"forretning\" for oss. Den mest permanente og effektive m\u00e5ten \u00e5 formidle merkevarebudskapet ditt p\u00e5, er \u00e5 skape et brukervennlig og perfekt designet nettsted n\u00e5r kundene dine s\u00f8ker etter deg i den digitale verden.<\/p>\n<h2>Hashtag Media and Web Design Service<\/h2>\n<p>Hashtag Media skaper alltid visuelle design ved hjelp av globale og trendy linjer i webdesignarbeid. B\u00e5de nettsteder som \u00e5pnes raskt og&nbsp;<strong>SEO-kompatibel<\/strong>&nbsp;Hashtag Media, som utf\u00f8rer webdesignarbeid, bruker oppdaterte rammeverk og kodestrukturer i programvare. Arbeidene til Hashtag Media, som lager moderne webgrensesnittdesign, er ogs\u00e5 SEO-kompatible og har en h\u00f8y konverteringsfrekvens.<\/p>\n<p>Hashtag Media designer ikke bare nettstedet ditt, men utvikler ogs\u00e5 designet ditt og st\u00f8tter deg med budskap og visuelt materiale slik at du kan formidle budskapet ditt p\u00e5 den mest effektive m\u00e5ten. Vi tar hensyn til f\u00f8lgende punkter i innholdsproduksjonsprosessen og fasene for \u00e5 legge til innhold p\u00e5 nettstedet ditt:<\/p>\n<ul>\n<li>Innholdet er kompatibelt med merkevaren din.<\/li>\n<li>Optimaliser for s\u00f8kemotorer.<\/li>\n<\/ul>\n<ul>\n<li>Innholdet b\u00f8r v\u00e6re i harmoni med b\u00e5de design og det visuelle.<\/li>\n<\/ul>\n<ul>\n<li>Identifiser og legg til ord som m\u00e5lgruppen din lett kan n\u00e5.<\/li>\n<\/ul><div><br><\/div>\n<p><img decoding=\"async\" width=\"50\" height=\"50\" class=\"wp-image-807 alignleft\" src=\"https:\/\/hashtagmedia.no\/wp-content\/uploads\/2025\/01\/brief-1.png\" alt=\"Kort\" title=\"\"><\/p>\n<p><strong>Kort<\/strong><\/p>\n<p>M\u00e5ten \u00e5 f\u00e5 svar p\u00e5 sp\u00f8rsm\u00e5let \"Hvordan skal strukturen p\u00e5 nettstedet ditt v\u00e6re?\" er gjennom Brief. I denne retningen m\u00e5 prosjekteieren formidle m\u00e5lgruppen for merkevaren eller produktet, innholdet i produktet eller tjenesten, fiksjonen som han planlegger eller kan foresl\u00e5 skriftlig \/ muntlig. I tr\u00e5d med briefen som er gitt, avklares tid og pris, og kunden informeres om prosessen. Arbeidet starter med innlevering av all dokumentasjon...<\/p><p><br><\/p>\n<p><img decoding=\"async\" width=\"100\" height=\"98\" class=\"wp-image-808 alignleft\" src=\"https:\/\/hashtagmedia.no\/wp-content\/uploads\/2025\/01\/tasarim.png\" alt=\"Design\" title=\"\"><\/p>\n<p><strong>Design<\/strong><\/p>\n<p>Profesjonelle webdesignere skaper et utmerket brukervennlig grensesnitt (UI\/UX) for en tilfredsstillende webopplevelse, og tar hensyn til kundens \u00f8nsker og den medf\u00f8lgende dokumentasjonen. Det ferdige designet sendes til kunden for godkjenning. Med kundens kommentarer og revisjoner kommer man frem til en felles konklusjon, og designet sendes videre til kodingsteamet.<\/p><p><br><\/p>\n<p><img decoding=\"async\" width=\"100\" height=\"98\" class=\"wp-image-809 alignleft\" src=\"https:\/\/hashtagmedia.no\/wp-content\/uploads\/2025\/01\/kodlama.png\" alt=\"Koding\" title=\"\"><\/p>\n<h3>Koding<\/h3>\n<p>Det godkjente designet gj\u00f8res klart for publisering av v\u00e5rt profesjonelle kodingsteam ved hjelp av SEO-kompatibel, nyeste trendkodingsinfrastruktur. For \u00e5 forhindre at brukerne forlater nettstedet p\u00e5 kort tid, minimeres den lange lastetiden, og hvis det er \u00f8delagte lenker og bilder som ikke \u00e5pnes, blir alle forbedringer gjort f\u00f8r de publiseres. Et kvalitetskodet nettsted blir raskt indeksert i s\u00f8kemotorer og gir deg en \u00f8konomisk avkastning.<\/p><p><br><\/p>\n<p><img loading=\"lazy\" decoding=\"async\" width=\"100\" height=\"98\" class=\"wp-image-810 alignleft\" src=\"https:\/\/hashtagmedia.no\/wp-content\/uploads\/2025\/01\/revize.png\" alt=\"Revidert\" title=\"\"><\/p>\n<h3>Revidert<\/h3>\n<p>N\u00e5r nettstedet er ferdig kodet, sendes det til godkjenning hos kunden, som er den siste prosessen f\u00f8r det publiseres. F\u00f8r kunden mottar nettstedet, foretar han\/hun de siste kontrollene og gj\u00f8r eventuelle revisjoner. N\u00e5r revisjonene er fullf\u00f8rt, sendes den til endelig godkjenning, og det er ingen hindringer for levering.<\/p><p><br><\/p>\n<p><img loading=\"lazy\" decoding=\"async\" width=\"50\" height=\"50\" class=\"wp-image-811 alignleft\" src=\"https:\/\/hashtagmedia.no\/wp-content\/uploads\/2025\/01\/teslim.png\" alt=\"Levering\" title=\"\"><\/p>\n<h3>Levering<\/h3>\n<p>Etter at domenenavnet og hostinginformasjonen til nettstedet som skal publiseres, er sendt til oss, blir den n\u00f8dvendige installasjonen og justeringene gjort. Hvis kunden ikke \u00f8nsker \u00e5 dele hostinginformasjonen, sender han\/hun FTP-informasjon til oss ved \u00e5 autorisere kun plattformen der vi vil overf\u00f8re filene via hostingpanelet. Etter at filopplastingsplattformen er klar, blir filoverf\u00f8ringen levert og publisert.<\/p>\n<h2>Ofte stilte sp\u00f8rsm\u00e5l om webdesign<\/h2>\n<p>Vi \u00f8nsket \u00e5 svare p\u00e5 noen sp\u00f8rsm\u00e5l du lurer p\u00e5 f\u00f8r du begynner \u00e5 jobbe med Hashtag Media. For at du ikke skal ta feil avgj\u00f8relser i designprosessen, har vi samlet ofte stilte sp\u00f8rsm\u00e5l fra v\u00e5re kunder for deg.<\/p>\n<h3>Hva er webdesign?<\/h3>\n<p>Webdesign, for \u00e5 \u00f8ke p\u00e5liteligheten til merkevaren din overfor kundene dine, for \u00e5 oppfylle kravene til de bes\u00f8kende og for \u00e5 fortelle kundene dine det de \u00f8nsker \u00e5 vite raskt og tydelig uten un\u00f8dvendige, forvirrende designelementer, er spesialdesign som er utarbeidet p\u00e5 en m\u00e5te som nettlesere kan se.<\/p>\n<h3>Hvordan fungerer webdesignprosessen?<\/h3>\n<p>Designet lages i tr\u00e5d med de briefene vi mottar fra kunden. Det ferdige designet sendes til kunden for godkjenning, og hvis det er behov for revisjoner, gj\u00f8res de siste finpussene, og arbeidet leveres til kodingsteamet. Designene gj\u00f8res klare for publisering av kodingsteamet v\u00e5rt med den nyeste trendkodingsinfrastrukturen ved \u00e5 legge vekt p\u00e5 Google-vennlig, SEO-kompatibel og rask \u00e5pningstid. Til slutt vises funksjonaliteten til designet til kunden i en demolink, og etter godkjenning blir nettstedet publisert p\u00e5 domenenavnet ved hjelp av filopplastingsplattformen (FTP).<\/p>\n<h3>Hva er forskjellen mellom ferdig webdesign og spesialtilpasset webdesign?<\/h3>\n<p>Klar webdesign er en type wordpress-infrastruktur som vi anbefaler for v\u00e5re lavbudsjettkunder. Det er en type webdesign som utarbeides ved \u00e5 endre det ferdige wordpress-temaet med bedriftens farge, innhold og grafikk for prosjektet som skal gj\u00f8res. Tilpasset webdesign er en type webdesign som er designet kun for det merket eller produktet av infrastrukturen som kreves for \u00e5 vise m\u00e5lene, \u00f8nskene, produktene eller tjenestene til kunder som ikke har budsjettproblemer og kodet basert p\u00e5 SEO-kompatible, hastighetsytelsesverdier. Vi kan gj\u00f8re det spesialtilpassede webdesignet om til en dynamisk infrastruktur med et administrasjonspanel ved hjelp av enten wordpress-infrastruktur eller ASP.NET-infrastruktur. Tilpasset webdesign har flere fordeler enn ferdig webdesign. Det er mer fordelaktig enn ferdig webdesign med sin rene og kvalitetskodede infrastruktur, s\u00f8kemotorvennlig, brukeropplevelse i forgrunnen.<\/p>\n<h3>Vil jeg kunne administrere nettstedet selv?<\/h3>\n<p>Hvis du trenger et dynamisk nettsted som krever oppdatering med visse intervaller, integrerer vi nettstedet ditt med wordpress eller et administrasjonspanel som er forberedt med spesiell programvare. P\u00e5 denne m\u00e5ten kan du oppdatere det omr\u00e5det du \u00f8nsker p\u00e5 nettstedet ditt uten behov for kodekunnskap og legge til nye sider eller produkter.<\/p>\n<h3>Hva er prisene p\u00e5 webdesign bestemt i henhold til?<\/h3>\n<p>F\u00f8rst og fremst lytter vi til kundens m\u00e5l, \u00f8nsker og behov. I denne retningen bestemmes det om det er \u00f8nskelig med et dynamisk nettsted eller et bedriftsfremmende nettsted. Hvis det er et bedriftsfremmende nettsted, hvor mange sider det skal best\u00e5 av, hvor mye handling det er p\u00e5 nettstedet og hvor lenge det skal leveres, og et pristilbud blir sendt. For dynamiske nettsteder, dvs. nettsteder med administrasjonspanel, basert p\u00e5 innholds-, tjeneste- eller produktadministrasjon, beregnes tiden for koding av administrasjonspanel og brukergrensesnitt, og et pristilbud presenteres.<\/p>\n<h3>Hva er et statisk og dynamisk nettsted?<\/h3>\n<p>En statisk nettside er en struktur som kodes og leveres \u00e9n gang med HTML-infrastruktur, der produktet eller tjenesten introduseres i tr\u00e5d med kundens \u00f8nsker. Hvis personen som \u00f8nsker \u00e5 oppdatere i etterkant ikke har kunnskap om kode, kan han ikke oppdatere nettstedet han har mottatt. Dynamisk nettsted er strukturen der produktet eller tjenesten vises og leveres med et administrasjonspanel der de kan oppdatere, slette eller legge til n\u00e5r som helst, selv om de ikke har kodekunnskaper.<\/p>\n<h3>Hvorfor er mobilkompatibilitet viktig i webdesign?<\/h3>\n<p>For mobiltelefoner, som vi ikke slipper fra hendene i dagens teknologi, kan du gj\u00f8re nettstedet ditt leselig selv p\u00e5 sm\u00e5 skjermer, gj\u00f8re det til en plattform der alt som s\u00f8kes lett kan bli funnet og \u00e5pne det for flere brukere. Du kan bedre vise frem kvaliteten og p\u00e5liteligheten til merkevaren eller tjenesten din.<\/p>\t\t\t\t\t\t\t\t<\/div>\n\t\t\t\t<\/div>\n\t\t\t\t<\/div>\n\t\t\t\t<\/div>\n\t\t\t\t\t<\/div>\n\t\t\t\t<\/div>\n\t\t\t\t<\/div>","protected":false},"excerpt":{"rendered":"<p>Avrupa\u2019n\u0131n lider ajanslar\u0131ndan olan&nbsp;Hashtag Media\u2019n\u0131n profesyonel i\u015f yelpazesinde m\u00fc\u015fterileri i\u00e7in kurumsal web tasar\u0131m, web yaz\u0131l\u0131m, kurumsal kimlik tasar\u0131m\u0131 ve dijital pazarlama alan\u0131nda \u00e7\u00f6z\u00fcmler yer almaktad\u0131r. Bizim i\u00e7in \u201ci\u015f\u201d olmaktan \u00e7ok \u00f6te olan, sanat ve parlak fikirlerin birlikte harmanland\u0131\u011f\u0131 bir \u00fcretim s\u00fcreci olarak tan\u0131mlad\u0131\u011f\u0131m\u0131z web tasar\u0131m s\u00fcrecimizde, hedef kitlenize en do\u011fru g\u00f6rsel mesajlar\u0131 iletmek birinci \u00f6nceli\u011fimiz. [&hellip;]<\/p>","protected":false},"author":1,"featured_media":1254,"parent":785,"menu_order":0,"comment_status":"closed","ping_status":"closed","template":"","meta":{"footnotes":""},"class_list":["post-806","page","type-page","status-publish","has-post-thumbnail","hentry"],"rankMath":{"parentDomain":"hashtagmedia.no","noFollowDomains":[],"noFollowExcludeDomains":[],"noFollowExternalLinks":false,"featuredImageNotice":"The featured image should be at least 200 by 200 pixels to be picked up by Facebook and other social media sites.","pluginReviewed":false,"postSettings":{"linkSuggestions":true,"useFocusKeyword":false},"frontEndScore":false,"postName":"web-tasarim","permalinkFormat":"https:\/\/hashtagmedia.no\/nb\/%pagename%\/","showLockModifiedDate":true,"assessor":{"focusKeywordLink":"https:\/\/hashtagmedia.no\/wp-admin\/edit.php?focus_keyword=%focus_keyword%&post_type=%post_type%","hasTOCPlugin":true,"primaryTaxonomy":false,"serpData":{"title":"","description":"","focusKeywords":"","pillarContent":false,"canonicalUrl":"","breadcrumbTitle":"","advancedRobots":{"max-snippet":"-1","max-video-preview":"-1","max-image-preview":"large"},"facebookTitle":"","facebookDescription":"","facebookImage":"","facebookImageID":"","facebookHasOverlay":false,"facebookImageOverlay":"","facebookAuthor":"","twitterCardType":"","twitterUseFacebook":true,"twitterTitle":"","twitterDescription":"","twitterImage":"","twitterImageID":"","twitterHasOverlay":false,"twitterImageOverlay":"","twitterPlayerUrl":"","twitterPlayerSize":"","twitterPlayerStream":"","twitterPlayerStreamCtype":"","twitterAppDescription":"","twitterAppIphoneName":"","twitterAppIphoneID":"","twitterAppIphoneUrl":"","twitterAppIpadName":"","twitterAppIpadID":"","twitterAppIpadUrl":"","twitterAppGoogleplayName":"","twitterAppGoogleplayID":"","twitterAppGoogleplayUrl":"","twitterAppCountry":"","robots":{"index":true},"twitterAuthor":"username","primaryTerm":0,"authorName":"hashyon","titleTemplate":"%title% %sep% %sitename%","descriptionTemplate":"%excerpt%","showScoreFrontend":true,"lockModifiedDate":false},"powerWords":[],"diacritics":{"A":"[\\u0041\\u24B6\\uFF21\\u00C0\\u00C1\\u00C2\\u1EA6\\u1EA4\\u1EAA\\u1EA8\\u00C3\\u0100\\u0102\\u1EB0\\u1EAE\\u1EB4\\u1EB2\\u0226\\u01E0\\u00C4\\u01DE\\u1EA2\\u00C5\\u01FA\\u01CD\\u0200\\u0202\\u1EA0\\u1EAC\\u1EB6\\u1E00\\u0104\\u023A\\u2C6F]","AA":"[\\uA732]","AE":"[\\u00C6\\u01FC\\u01E2]","AO":"[\\uA734]","AU":"[\\uA736]","AV":"[\\uA738\\uA73A]","AY":"[\\uA73C]","B":"[\\u0042\\u24B7\\uFF22\\u1E02\\u1E04\\u1E06\\u0243\\u0182\\u0181]","C":"[\\u0043\\u24B8\\uFF23\\u0106\\u0108\\u010A\\u010C\\u00C7\\u1E08\\u0187\\u023B\\uA73E]","D":"[\\u0044\\u24B9\\uFF24\\u1E0A\\u010E\\u1E0C\\u1E10\\u1E12\\u1E0E\\u0110\\u018B\\u018A\\u0189\\uA779]","DZ":"[\\u01F1\\u01C4]","Dz":"[\\u01F2\\u01C5]","E":"[\\u0045\\u24BA\\uFF25\\u00C8\\u00C9\\u00CA\\u1EC0\\u1EBE\\u1EC4\\u1EC2\\u1EBC\\u0112\\u1E14\\u1E16\\u0114\\u0116\\u00CB\\u1EBA\\u011A\\u0204\\u0206\\u1EB8\\u1EC6\\u0228\\u1E1C\\u0118\\u1E18\\u1E1A\\u0190\\u018E]","F":"[\\u0046\\u24BB\\uFF26\\u1E1E\\u0191\\uA77B]","G":"[\\u0047\\u24BC\\uFF27\\u01F4\\u011C\\u1E20\\u011E\\u0120\\u01E6\\u0122\\u01E4\\u0193\\uA7A0\\uA77D\\uA77E]","H":"[\\u0048\\u24BD\\uFF28\\u0124\\u1E22\\u1E26\\u021E\\u1E24\\u1E28\\u1E2A\\u0126\\u2C67\\u2C75\\uA78D]","I":"[\\u0049\\u24BE\\uFF29\\u00CC\\u00CD\\u00CE\\u0128\\u012A\\u012C\\u0130\\u00CF\\u1E2E\\u1EC8\\u01CF\\u0208\\u020A\\u1ECA\\u012E\\u1E2C\\u0197]","J":"[\\u004A\\u24BF\\uFF2A\\u0134\\u0248]","K":"[\\u004B\\u24C0\\uFF2B\\u1E30\\u01E8\\u1E32\\u0136\\u1E34\\u0198\\u2C69\\uA740\\uA742\\uA744\\uA7A2]","L":"[\\u004C\\u24C1\\uFF2C\\u013F\\u0139\\u013D\\u1E36\\u1E38\\u013B\\u1E3C\\u1E3A\\u0141\\u023D\\u2C62\\u2C60\\uA748\\uA746\\uA780]","LJ":"[\\u01C7]","Lj":"[\\u01C8]","M":"[\\u004D\\u24C2\\uFF2D\\u1E3E\\u1E40\\u1E42\\u2C6E\\u019C]","N":"[\\u004E\\u24C3\\uFF2E\\u01F8\\u0143\\u00D1\\u1E44\\u0147\\u1E46\\u0145\\u1E4A\\u1E48\\u0220\\u019D\\uA790\\uA7A4]","NJ":"[\\u01CA]","Nj":"[\\u01CB]","O":"[\\u004F\\u24C4\\uFF2F\\u00D2\\u00D3\\u00D4\\u1ED2\\u1ED0\\u1ED6\\u1ED4\\u00D5\\u1E4C\\u022C\\u1E4E\\u014C\\u1E50\\u1E52\\u014E\\u022E\\u0230\\u00D6\\u022A\\u1ECE\\u0150\\u01D1\\u020C\\u020E\\u01A0\\u1EDC\\u1EDA\\u1EE0\\u1EDE\\u1EE2\\u1ECC\\u1ED8\\u01EA\\u01EC\\u00D8\\u01FE\\u0186\\u019F\\uA74A\\uA74C]","OI":"[\\u01A2]","OO":"[\\uA74E]","OU":"[\\u0222]","P":"[\\u0050\\u24C5\\uFF30\\u1E54\\u1E56\\u01A4\\u2C63\\uA750\\uA752\\uA754]","Q":"[\\u0051\\u24C6\\uFF31\\uA756\\uA758\\u024A]","R":"[\\u0052\\u24C7\\uFF32\\u0154\\u1E58\\u0158\\u0210\\u0212\\u1E5A\\u1E5C\\u0156\\u1E5E\\u024C\\u2C64\\uA75A\\uA7A6\\uA782]","S":"[\\u0053\\u24C8\\uFF33\\u1E9E\\u015A\\u1E64\\u015C\\u1E60\\u0160\\u1E66\\u1E62\\u1E68\\u0218\\u015E\\u2C7E\\uA7A8\\uA784]","T":"[\\u0054\\u24C9\\uFF34\\u1E6A\\u0164\\u1E6C\\u021A\\u0162\\u1E70\\u1E6E\\u0166\\u01AC\\u01AE\\u023E\\uA786]","TZ":"[\\uA728]","U":"[\\u0055\\u24CA\\uFF35\\u00D9\\u00DA\\u00DB\\u0168\\u1E78\\u016A\\u1E7A\\u016C\\u00DC\\u01DB\\u01D7\\u01D5\\u01D9\\u1EE6\\u016E\\u0170\\u01D3\\u0214\\u0216\\u01AF\\u1EEA\\u1EE8\\u1EEE\\u1EEC\\u1EF0\\u1EE4\\u1E72\\u0172\\u1E76\\u1E74\\u0244]","V":"[\\u0056\\u24CB\\uFF36\\u1E7C\\u1E7E\\u01B2\\uA75E\\u0245]","VY":"[\\uA760]","W":"[\\u0057\\u24CC\\uFF37\\u1E80\\u1E82\\u0174\\u1E86\\u1E84\\u1E88\\u2C72]","X":"[\\u0058\\u24CD\\uFF38\\u1E8A\\u1E8C]","Y":"[\\u0059\\u24CE\\uFF39\\u1EF2\\u00DD\\u0176\\u1EF8\\u0232\\u1E8E\\u0178\\u1EF6\\u1EF4\\u01B3\\u024E\\u1EFE]","Z":"[\\u005A\\u24CF\\uFF3A\\u0179\\u1E90\\u017B\\u017D\\u1E92\\u1E94\\u01B5\\u0224\\u2C7F\\u2C6B\\uA762]","a":"[\\u0061\\u24D0\\uFF41\\u1E9A\\u00E0\\u00E1\\u00E2\\u1EA7\\u1EA5\\u1EAB\\u1EA9\\u00E3\\u0101\\u0103\\u1EB1\\u1EAF\\u1EB5\\u1EB3\\u0227\\u01E1\\u00E4\\u01DF\\u1EA3\\u00E5\\u01FB\\u01CE\\u0201\\u0203\\u1EA1\\u1EAD\\u1EB7\\u1E01\\u0105\\u2C65\\u0250]","aa":"[\\uA733]","ae":"[\\u00E6\\u01FD\\u01E3]","ao":"[\\uA735]","au":"[\\uA737]","av":"[\\uA739\\uA73B]","ay":"[\\uA73D]","b":"[\\u0062\\u24D1\\uFF42\\u1E03\\u1E05\\u1E07\\u0180\\u0183\\u0253]","c":"[\\u0063\\u24D2\\uFF43\\u0107\\u0109\\u010B\\u010D\\u00E7\\u1E09\\u0188\\u023C\\uA73F\\u2184]","d":"[\\u0064\\u24D3\\uFF44\\u1E0B\\u010F\\u1E0D\\u1E11\\u1E13\\u1E0F\\u0111\\u018C\\u0256\\u0257\\uA77A]","dz":"[\\u01F3\\u01C6]","e":"[\\u0065\\u24D4\\uFF45\\u00E8\\u00E9\\u00EA\\u1EC1\\u1EBF\\u1EC5\\u1EC3\\u1EBD\\u0113\\u1E15\\u1E17\\u0115\\u0117\\u00EB\\u1EBB\\u011B\\u0205\\u0207\\u1EB9\\u1EC7\\u0229\\u1E1D\\u0119\\u1E19\\u1E1B\\u0247\\u025B\\u01DD]","f":"[\\u0066\\u24D5\\uFF46\\u1E1F\\u0192\\uA77C]","g":"[\\u0067\\u24D6\\uFF47\\u01F5\\u011D\\u1E21\\u011F\\u0121\\u01E7\\u0123\\u01E5\\u0260\\uA7A1\\u1D79\\uA77F]","h":"[\\u0068\\u24D7\\uFF48\\u0125\\u1E23\\u1E27\\u021F\\u1E25\\u1E29\\u1E2B\\u1E96\\u0127\\u2C68\\u2C76\\u0265]","hv":"[\\u0195]","i":"[\\u0069\\u24D8\\uFF49\\u00EC\\u00ED\\u00EE\\u0129\\u012B\\u012D\\u00EF\\u1E2F\\u1EC9\\u01D0\\u0209\\u020B\\u1ECB\\u012F\\u1E2D\\u0268\\u0131]","j":"[\\u006A\\u24D9\\uFF4A\\u0135\\u01F0\\u0249]","k":"[\\u006B\\u24DA\\uFF4B\\u1E31\\u01E9\\u1E33\\u0137\\u1E35\\u0199\\u2C6A\\uA741\\uA743\\uA745\\uA7A3]","l":"[\\u006C\\u24DB\\uFF4C\\u0140\\u013A\\u013E\\u1E37\\u1E39\\u013C\\u1E3D\\u1E3B\\u017F\\u0142\\u019A\\u026B\\u2C61\\uA749\\uA781\\uA747]","lj":"[\\u01C9]","m":"[\\u006D\\u24DC\\uFF4D\\u1E3F\\u1E41\\u1E43\\u0271\\u026F]","n":"[\\u006E\\u24DD\\uFF4E\\u01F9\\u0144\\u00F1\\u1E45\\u0148\\u1E47\\u0146\\u1E4B\\u1E49\\u019E\\u0272\\u0149\\uA791\\uA7A5]","nj":"[\\u01CC]","o":"[\\u006F\\u24DE\\uFF4F\\u00F2\\u00F3\\u00F4\\u1ED3\\u1ED1\\u1ED7\\u1ED5\\u00F5\\u1E4D\\u022D\\u1E4F\\u014D\\u1E51\\u1E53\\u014F\\u022F\\u0231\\u00F6\\u022B\\u1ECF\\u0151\\u01D2\\u020D\\u020F\\u01A1\\u1EDD\\u1EDB\\u1EE1\\u1EDF\\u1EE3\\u1ECD\\u1ED9\\u01EB\\u01ED\\u00F8\\u01FF\\u0254\\uA74B\\uA74D\\u0275]","oi":"[\\u01A3]","ou":"[\\u0223]","oo":"[\\uA74F]","p":"[\\u0070\\u24DF\\uFF50\\u1E55\\u1E57\\u01A5\\u1D7D\\uA751\\uA753\\uA755]","q":"[\\u0071\\u24E0\\uFF51\\u024B\\uA757\\uA759]","r":"[\\u0072\\u24E1\\uFF52\\u0155\\u1E59\\u0159\\u0211\\u0213\\u1E5B\\u1E5D\\u0157\\u1E5F\\u024D\\u027D\\uA75B\\uA7A7\\uA783]","s":"[\\u0073\\u24E2\\uFF53\\u015B\\u1E65\\u015D\\u1E61\\u0161\\u1E67\\u1E63\\u1E69\\u0219\\u015F\\u023F\\uA7A9\\uA785\\u1E9B]","ss":"[\\u00DF]","t":"[\\u0074\\u24E3\\uFF54\\u1E6B\\u1E97\\u0165\\u1E6D\\u021B\\u0163\\u1E71\\u1E6F\\u0167\\u01AD\\u0288\\u2C66\\uA787]","tz":"[\\uA729]","u":"[\\u0075\\u24E4\\uFF55\\u00F9\\u00FA\\u00FB\\u0169\\u1E79\\u016B\\u1E7B\\u016D\\u00FC\\u01DC\\u01D8\\u01D6\\u01DA\\u1EE7\\u016F\\u0171\\u01D4\\u0215\\u0217\\u01B0\\u1EEB\\u1EE9\\u1EEF\\u1EED\\u1EF1\\u1EE5\\u1E73\\u0173\\u1E77\\u1E75\\u0289]","v":"[\\u0076\\u24E5\\uFF56\\u1E7D\\u1E7F\\u028B\\uA75F\\u028C]","vy":"[\\uA761]","w":"[\\u0077\\u24E6\\uFF57\\u1E81\\u1E83\\u0175\\u1E87\\u1E85\\u1E98\\u1E89\\u2C73]","x":"[\\u0078\\u24E7\\uFF58\\u1E8B\\u1E8D]","y":"[\\u0079\\u24E8\\uFF59\\u1EF3\\u00FD\\u0177\\u1EF9\\u0233\\u1E8F\\u00FF\\u1EF7\\u1E99\\u1EF5\\u01B4\\u024F\\u1EFF]","z":"[\\u007A\\u24E9\\uFF5A\\u017A\\u1E91\\u017C\\u017E\\u1E93\\u1E95\\u01B6\\u0225\\u0240\\u2C6C\\uA763]"},"researchesTests":["contentHasTOC","contentHasShortParagraphs","contentHasAssets","keywordInTitle","keywordInMetaDescription","keywordInPermalink","keywordIn10Percent","keywordInContent","keywordInSubheadings","keywordInImageAlt","keywordDensity","keywordNotUsed","lengthContent","lengthPermalink","linksHasInternal","linksHasExternals","linksNotAllExternals","titleStartWithKeyword","titleSentiment","titleHasPowerWords","titleHasNumber","hasContentAI"],"hasRedirection":false,"hasBreadcrumb":true},"homeUrl":"https:\/\/hashtagmedia.no\/nb","objectID":806,"objectType":"post","locale":"nb","localeFull":"nb_NO","overlayImages":{"play":{"name":"Play icon","url":"https:\/\/hashtagmedia.no\/wp-content\/plugins\/seo-by-rank-math\/assets\/admin\/img\/icon-play.png","path":"\/home\/admin\/web\/hashtagmedia.no\/public_html\/wp-content\/plugins\/seo-by-rank-math\/assets\/admin\/img\/icon-play.png","position":"middle_center"},"gif":{"name":"GIF icon","url":"https:\/\/hashtagmedia.no\/wp-content\/plugins\/seo-by-rank-math\/assets\/admin\/img\/icon-gif.png","path":"\/home\/admin\/web\/hashtagmedia.no\/public_html\/wp-content\/plugins\/seo-by-rank-math\/assets\/admin\/img\/icon-gif.png","position":"middle_center"}},"defautOgImage":"https:\/\/hashtagmedia.no\/wp-content\/uploads\/2025\/01\/shutterstock_527768059.jpg","customPermalinks":true,"isUserRegistered":false,"autoSuggestKeywords":false,"connectSiteUrl":"https:\/\/rankmath.com\/auth?site=https%3A%2F%2Fhashtagmedia.no%2Fnb&r=https%3A%2F%2Fhashtagmedia.no%2Fnb%2Fwp-json%2Fwp%2Fv2%2Fpages%2F806%3Fnonce%3Dcbc669d5f7","maxTags":5,"trendsIcon":"<svg viewBox=\"0 0 610 610\"><path d=\"M18.85,446,174.32,290.48l58.08,58.08L76.93,504a14.54,14.54,0,0,1-20.55,0L18.83,466.48a14.54,14.54,0,0,1,0-20.55Z\" style=\"fill:#4285f4\"\/><path d=\"M242.65,242.66,377.59,377.6l-47.75,47.75a14.54,14.54,0,0,1-20.55,0L174.37,290.43l47.75-47.75A14.52,14.52,0,0,1,242.65,242.66Z\" style=\"fill:#ea4335\"\/><polygon points=\"319.53 319.53 479.26 159.8 537.34 217.88 377.61 377.62 319.53 319.53\" style=\"fill:#fabb05\"\/><path d=\"M594.26,262.73V118.61h0a16.94,16.94,0,0,0-16.94-16.94H433.2a16.94,16.94,0,0,0-12,28.92L565.34,274.71h0a16.94,16.94,0,0,0,28.92-12Z\" style=\"fill:#34a853\"\/><rect width=\"610\" height=\"610\" style=\"fill:none\"\/><\/svg>","showScore":true,"siteFavIcon":"https:\/\/hashtagmedia.no\/wp-content\/uploads\/2025\/01\/cropped-ikon512-32x32.png","canUser":{"general":false,"advanced":false,"snippet":false,"social":false,"analysis":false,"analytics":false,"content_ai":false},"isPro":false,"is_front_page":false,"trendsUpgradeLink":"https:\/\/rankmath.com\/pricing\/?utm_source=Plugin&utm_medium=CE%20General%20Tab%20Trends&utm_campaign=WP","trendsUpgradeLabel":"Upgrade","trendsPreviewImage":"https:\/\/hashtagmedia.no\/wp-content\/plugins\/seo-by-rank-math\/assets\/admin\/img\/trends-preview.jpg","currentEditor":false,"homepageData":{"assessor":{"powerWords":[],"diacritics":true,"researchesTests":["contentHasTOC","contentHasShortParagraphs","contentHasAssets","keywordInTitle","keywordInMetaDescription","keywordInPermalink","keywordIn10Percent","keywordInContent","keywordInSubheadings","keywordInImageAlt","keywordDensity","keywordNotUsed","lengthContent","lengthPermalink","linksHasInternal","linksHasExternals","linksNotAllExternals","titleStartWithKeyword","titleSentiment","titleHasPowerWords","titleHasNumber","hasContentAI"],"hasBreadcrumb":true,"serpData":{"title":"%sitename% %page% %sep% %sitedesc%","description":"","titleTemplate":"%sitename% %page% %sep% %sitedesc%","descriptionTemplate":"","focusKeywords":"","breadcrumbTitle":"Home","robots":{"index":true},"advancedRobots":{"max-snippet":"-1","max-video-preview":"-1","max-image-preview":"large"},"facebookTitle":"","facebookDescription":"","facebookImage":"","facebookImageID":""}}},"tocTitle":"Table of Contents","tocExcludeHeadings":[],"listStyle":"ul"},"_links":{"self":[{"href":"https:\/\/hashtagmedia.no\/nb\/wp-json\/wp\/v2\/pages\/806","targetHints":{"allow":["GET"]}}],"collection":[{"href":"https:\/\/hashtagmedia.no\/nb\/wp-json\/wp\/v2\/pages"}],"about":[{"href":"https:\/\/hashtagmedia.no\/nb\/wp-json\/wp\/v2\/types\/page"}],"author":[{"embeddable":true,"href":"https:\/\/hashtagmedia.no\/nb\/wp-json\/wp\/v2\/users\/1"}],"replies":[{"embeddable":true,"href":"https:\/\/hashtagmedia.no\/nb\/wp-json\/wp\/v2\/comments?post=806"}],"version-history":[{"count":4,"href":"https:\/\/hashtagmedia.no\/nb\/wp-json\/wp\/v2\/pages\/806\/revisions"}],"predecessor-version":[{"id":815,"href":"https:\/\/hashtagmedia.no\/nb\/wp-json\/wp\/v2\/pages\/806\/revisions\/815"}],"up":[{"embeddable":true,"href":"https:\/\/hashtagmedia.no\/nb\/wp-json\/wp\/v2\/pages\/785"}],"wp:featuredmedia":[{"embeddable":true,"href":"https:\/\/hashtagmedia.no\/nb\/wp-json\/wp\/v2\/media\/1254"}],"wp:attachment":[{"href":"https:\/\/hashtagmedia.no\/nb\/wp-json\/wp\/v2\/media?parent=806"}],"curies":[{"name":"wp","href":"https:\/\/api.w.org\/{rel}","templated":true}]}}