{"id":184,"date":"2025-01-21T13:08:27","date_gmt":"2025-01-21T13:08:27","guid":{"rendered":"https:\/\/hashtagmedia.no\/?page_id=184"},"modified":"2025-01-23T09:38:53","modified_gmt":"2025-01-23T09:38:53","slug":"neden-sosyal-medya-reklamlari","status":"publish","type":"page","link":"https:\/\/hashtagmedia.no\/da\/om-os\/hvorfor-reklamer-pa-sociale-medier\/","title":{"rendered":"Hvorfor annoncer p\u00e5 sociale medier"},"content":{"rendered":"<div data-elementor-type=\"wp-page\" data-elementor-id=\"184\" class=\"elementor elementor-184\" data-elementor-post-type=\"page\">\n\t\t\t\t<div class=\"elementor-element elementor-element-854a7ef sayfaustu e-flex e-con-boxed e-con e-parent\" data-id=\"854a7ef\" data-element_type=\"container\" data-settings=\"{&quot;background_background&quot;:&quot;classic&quot;}\">\n\t\t\t\t\t<div class=\"e-con-inner\">\n\t\t\t\t<div class=\"elementor-element elementor-element-a49afd4 elementor-widget elementor-widget-heading\" data-id=\"a49afd4\" data-element_type=\"widget\" data-widget_type=\"heading.default\">\n\t\t\t\t<div class=\"elementor-widget-container\">\n\t\t\t\t\t<h2 class=\"elementor-heading-title elementor-size-default\">Annoncer p\u00e5 sociale medier<\/h2>\t\t\t\t<\/div>\n\t\t\t\t<\/div>\n\t\t\t\t\t<\/div>\n\t\t\t\t<\/div>\n\t\t<div class=\"elementor-element elementor-element-b58a0e7 e-flex e-con-boxed e-con e-parent\" data-id=\"b58a0e7\" data-element_type=\"container\">\n\t\t\t\t\t<div class=\"e-con-inner\">\n\t\t<div class=\"elementor-element elementor-element-8424b23 e-con-full e-flex e-con e-child\" data-id=\"8424b23\" data-element_type=\"container\">\n\t\t<div class=\"elementor-element elementor-element-4607d8e e-con-full e-flex e-con e-child\" data-id=\"4607d8e\" data-element_type=\"container\">\n\t\t\t\t<div class=\"elementor-element elementor-element-52c6a92 elementor-widget elementor-widget-image\" data-id=\"52c6a92\" data-element_type=\"widget\" data-widget_type=\"image.default\">\n\t\t\t\t<div class=\"elementor-widget-container\">\n\t\t\t\t\t\t\t\t\t\t\t\t\t\t\t<img fetchpriority=\"high\" decoding=\"async\" width=\"800\" height=\"800\" src=\"https:\/\/hashtagmedia.no\/wp-content\/uploads\/2025\/01\/shutterstock_1153710292-1024x1024.jpg\" class=\"attachment-large size-large wp-image-225\" alt=\"\" srcset=\"https:\/\/hashtagmedia.no\/wp-content\/uploads\/2025\/01\/shutterstock_1153710292-1024x1024.jpg 1024w, https:\/\/hashtagmedia.no\/wp-content\/uploads\/2025\/01\/shutterstock_1153710292-300x300.jpg 300w, https:\/\/hashtagmedia.no\/wp-content\/uploads\/2025\/01\/shutterstock_1153710292-150x150.jpg 150w, https:\/\/hashtagmedia.no\/wp-content\/uploads\/2025\/01\/shutterstock_1153710292-768x768.jpg 768w, https:\/\/hashtagmedia.no\/wp-content\/uploads\/2025\/01\/shutterstock_1153710292-1536x1536.jpg 1536w, https:\/\/hashtagmedia.no\/wp-content\/uploads\/2025\/01\/shutterstock_1153710292.jpg 1920w\" sizes=\"(max-width: 800px) 100vw, 800px\" title=\"\">\t\t\t\t\t\t\t\t\t\t\t\t\t\t\t<\/div>\n\t\t\t\t<\/div>\n\t\t\t\t<\/div>\n\t\t<div class=\"elementor-element elementor-element-5f4cde9 e-con-full e-flex e-con e-child\" data-id=\"5f4cde9\" data-element_type=\"container\">\n\t\t<div class=\"elementor-element elementor-element-3d08346 e-con-full kuttu e-flex e-con e-child\" data-id=\"3d08346\" data-element_type=\"container\" data-settings=\"{&quot;background_background&quot;:&quot;classic&quot;}\">\n\t\t\t\t<div class=\"elementor-element elementor-element-bb904bb elementor-widget elementor-widget-text-editor\" data-id=\"bb904bb\" data-element_type=\"widget\" data-widget_type=\"text-editor.default\">\n\t\t\t\t<div class=\"elementor-widget-container\">\n\t\t\t\t\t\t\t\t\t<p>Med vores social media management-service \u00f8ger vi din virksomheds synlighed i den digitale verden og designer professionelt, brandspecifikt indhold. Vores prisbel\u00f8nnede team er altid klar til at udvikle effektive strategier til din virksomheds behov.<\/p>\t\t\t\t\t\t\t\t<\/div>\n\t\t\t\t<\/div>\n\t\t\t\t<\/div>\n\t\t\t\t<\/div>\n\t\t\t\t<\/div>\n\t\t\t\t\t<\/div>\n\t\t\t\t<\/div>\n\t\t<div class=\"elementor-element elementor-element-9e3317f e-flex e-con-boxed e-con e-parent\" data-id=\"9e3317f\" data-element_type=\"container\">\n\t\t\t\t\t<div class=\"e-con-inner\">\n\t\t<div class=\"elementor-element elementor-element-ee33a15 e-con-full e-flex e-con e-child\" data-id=\"ee33a15\" data-element_type=\"container\" data-settings=\"{&quot;background_background&quot;:&quot;classic&quot;}\">\n\t\t<div class=\"elementor-element elementor-element-2cab26b e-con-full e-flex e-con e-child\" data-id=\"2cab26b\" data-element_type=\"container\">\n\t\t<div class=\"elementor-element elementor-element-bf2bd8f e-con-full e-flex e-con e-child\" data-id=\"bf2bd8f\" data-element_type=\"container\">\n\t\t\t\t<div class=\"elementor-element elementor-element-411871a elementor-widget elementor-widget-heading\" data-id=\"411871a\" data-element_type=\"widget\" data-widget_type=\"heading.default\">\n\t\t\t\t<div class=\"elementor-widget-container\">\n\t\t\t\t\t<h2 class=\"elementor-heading-title elementor-size-default\">Hvorfor internet <span>Reklamer?<\/span><\/h2>\t\t\t\t<\/div>\n\t\t\t\t<\/div>\n\t\t\t\t<\/div>\n\t\t<div class=\"elementor-element elementor-element-1f9f35c e-con-full e-flex e-con e-child\" data-id=\"1f9f35c\" data-element_type=\"container\">\n\t\t\t\t<div class=\"elementor-element elementor-element-1af4608 elementor-view-default elementor-invisible elementor-widget elementor-widget-icon\" data-id=\"1af4608\" data-element_type=\"widget\" data-settings=\"{&quot;_animation&quot;:&quot;fadeIn&quot;,&quot;_animation_delay&quot;:555}\" data-widget_type=\"icon.default\">\n\t\t\t\t<div class=\"elementor-widget-container\">\n\t\t\t\t\t\t\t<div class=\"elementor-icon-wrapper\">\n\t\t\t<div class=\"elementor-icon\">\n\t\t\t<svg aria-hidden=\"true\" class=\"e-font-icon-svg e-fas-check-double\" viewbox=\"0 0 512 512\" xmlns=\"http:\/\/www.w3.org\/2000\/svg\"><path d=\"M505 174.8l-39.6-39.6c-9.4-9.4-24.6-9.4-33.9 0L192 374.7 80.6 263.2c-9.4-9.4-24.6-9.4-33.9 0L7 302.9c-9.4 9.4-9.4 24.6 0 34L175 505c9.4 9.4 24.6 9.4 33.9 0l296-296.2c9.4-9.5 9.4-24.7.1-34zm-324.3 106c6.2 6.3 16.4 6.3 22.6 0l208-208.2c6.2-6.3 6.2-16.4 0-22.6L366.1 4.7c-6.2-6.3-16.4-6.3-22.6 0L192 156.2l-55.4-55.5c-6.2-6.3-16.4-6.3-22.6 0L68.7 146c-6.2 6.3-6.2 16.4 0 22.6l112 112.2z\"><\/path><\/svg>\t\t\t<\/div>\n\t\t<\/div>\n\t\t\t\t\t\t<\/div>\n\t\t\t\t<\/div>\n\t\t\t\t<\/div>\n\t\t\t\t<\/div>\n\t\t<div class=\"elementor-element elementor-element-fba88df e-con-full e-flex e-con e-child\" data-id=\"fba88df\" data-element_type=\"container\">\n\t\t\t\t<div class=\"elementor-element elementor-element-a331648 elementor-widget elementor-widget-text-editor\" data-id=\"a331648\" data-element_type=\"widget\" data-widget_type=\"text-editor.default\">\n\t\t\t\t<div class=\"elementor-widget-container\">\n\t\t\t\t\t\t\t\t\t<p>I de senere \u00e5r er internettet blevet mere end blot et alternativt reklamemedie og er blevet den mest effektive, hurtige og \u00f8konomiske m\u00e5de for virksomheder at n\u00e5 ud til deres m\u00e5lgrupper p\u00e5. Selv om traditionelle medier som f.eks. tv-reklamer appellerer til meget store m\u00e5lgrupper, kan de ogs\u00e5 medf\u00f8re, at du n\u00e5r ud til grupper, der ikke er direkte relateret til din m\u00e5lgruppe, eller endda grupper, der ikke er interesserede. Det f\u00f8rer til un\u00f8dvendige omkostninger. Internettet giver dig derimod mulighed for at \u00f8ge effektiviteten af dit reklamebudget ved kun at n\u00e5 ud til dem, der viser interesse.<\/p><p><b style=\"text-align: var(--text-align); color: var( --e-global-color-primary ); font-size: 1rem; background-color: var( --e-global-color-4f1081e );\">Genbrug er nemt at m\u00e5le<\/b><\/p><p>Internetannoncering er det eneste medie, hvor du fuldt ud kan m\u00e5le afkastet af dine reklameudgifter. P\u00e5 digitale platforme kan din annoncepr\u00e6station rapporteres \u00f8jeblikkeligt, og alle data kan analyseres i detaljer. For eksempel giver platforme som Google Ads og Facebook Ads detaljerede oplysninger om klikrater, konverteringsrater og brugerinteraktioner. Disse data giver dig en stor fordel, n\u00e5r du skal l\u00e6gge en strategi for din n\u00e6ste kampagne. Derudover er der endda virksomheder, der bruger s\u00e5danne analyser til at \u00f8ge forhandlernes eftersp\u00f8rgsel i bestemte regioner og optimere reklamebudgetterne i forhold til bes\u00f8gstallene. S\u00e5danne datadrevne beslutninger giver dig mulighed for at tage de rigtige skridt i din virksomheds v\u00e6kststrategier.<\/p><p><b style=\"text-align: var(--text-align); background-color: var( --e-global-color-4f1081e ); color: var( --e-global-color-primary ); font-size: 1rem;\">Fleksibilitet og mulighed for \u00e6ndringer<\/b><\/p><p>Fysiske reklamematerialer (f.eks. brochurer eller bannere) er n\u00e6sten umulige at \u00e6ndre, n\u00e5r de f\u00f8rst er trykt, og enhver fejl kan f\u00f8re til store \u00f8konomiske tab. Internetreklamer kan derimod \u00e6ndres n\u00e5r som helst og hvor som helst. Hvis du f.eks. har identificeret m\u00e5lgruppen for en reklamekampagne forkert, kan du m\u00e5lrette din kampagne igen med et enkelt klik og n\u00e5 den rigtige m\u00e5lgruppe. Hvis du opdager et forkert budskab eller billede, kan du desuden straks redigere din kampagne og rette dine fejl. Denne fleksibilitet er en af de st\u00f8rste fordele ved digital annoncering.<\/p><p><b style=\"text-align: var(--text-align); color: var( --e-global-color-primary ); font-size: 1rem; background-color: var( --e-global-color-4f1081e );\">\u00d8konomisk og fleksibel budgetstyring<\/b><\/p><p>Internetannoncering tilbyder de bedst egnede l\u00f8sninger til dit forretningsbudget. For eksempel kan en lille virksomhed n\u00e5 sin m\u00e5lgruppe med et dagligt budget p\u00e5 kun 50 TL, mens et stort brand kan bruge op til 10 millioner TL om dagen p\u00e5 annoncering. Denne budgetfleksibilitet giver virksomheder af alle st\u00f8rrelser mulighed for at drage fordel af digital annoncering. Platforme som Google Ads, Facebook Ads, Instagram Ads og LinkedIn Ads giver ikke kun virksomheder mulighed for at fokusere p\u00e5 m\u00e5lgruppen, men ogs\u00e5 for at styre deres budgetter klogt. Ved at optimere dit reklamebudget i forhold til din m\u00e5lgruppes interesser kan du bruge reklamer p\u00e5 den mest effektive m\u00e5de.<\/p><p><b style=\"text-align: var(--text-align); color: var( --e-global-color-primary ); font-size: 1rem; background-color: var( --e-global-color-4f1081e );\">Hurtige resultater og \u00f8jeblikkelig feedback<\/b><\/p><p>Internetannoncer er den mest effektive m\u00e5de at opn\u00e5 hurtige resultater p\u00e5. For eksempel begynder en kampagne, du opretter med Google Ads, at give resultater sekunder efter, at din annonce er offentliggjort. Du kan ogs\u00e5 overv\u00e5ge annoncernes resultater med det samme og hurtigt gribe ind, hvis du har brug for at optimere dem. Ved traditionel medieannoncering, f.eks. tv-reklamer, kan det tage dage eller endda uger at se feedback fra publikum. Men med internetannoncering kan du med det samme se, hvilken annonce der har st\u00f8rst succes, og hurtigt foretage de n\u00f8dvendige justeringer.<\/p><p>Hvis du endnu ikke har oplevet kraften i internetannoncering for dit brand, er det vigtigt at handle nu for at undg\u00e5 at g\u00e5 glip af muligheder. Internetannoncering er den mest effektive og hurtigste l\u00f8sning for b\u00e5de sm\u00e5 virksomheder og store brands til at styrke deres plads i den digitale verden.<\/p>\t\t\t\t\t\t\t\t<\/div>\n\t\t\t\t<\/div>\n\t\t\t\t<\/div>\n\t\t\t\t<\/div>\n\t\t\t\t\t<\/div>\n\t\t\t\t<\/div>\n\t\t\t\t<\/div>","protected":false},"excerpt":{"rendered":"<p>Sosyal Medya Reklamlar\u0131 Sosyal medya y\u00f6netimi hizmetimiz ile i\u015fletmenizin dijital d\u00fcnyadaki g\u00f6r\u00fcn\u00fcrl\u00fc\u011f\u00fcn\u00fc art\u0131r\u0131yor ve profesyonel, markan\u0131za \u00f6zel i\u00e7erikler tasarl\u0131yoruz. \u00d6d\u00fcll\u00fc ekibimiz, i\u015fletmenizin ihtiya\u00e7lar\u0131na y\u00f6nelik etkili stratejiler geli\u015ftirmek i\u00e7in her zaman haz\u0131r. Neden \u0130nternet Reklamlar\u0131? Son y\u0131llarda, internet, yaln\u0131zca alternatif bir reklam mecras\u0131 olman\u0131n \u00f6tesine ge\u00e7mi\u015f ve i\u015fletmelerin hedef kitlelerine ula\u015fmada en verimli, h\u0131zl\u0131 ve ekonomik [&hellip;]<\/p>","protected":false},"author":1,"featured_media":0,"parent":63,"menu_order":0,"comment_status":"closed","ping_status":"closed","template":"","meta":{"footnotes":""},"class_list":["post-184","page","type-page","status-publish","hentry"],"rankMath":{"parentDomain":"hashtagmedia.no","noFollowDomains":[],"noFollowExcludeDomains":[],"noFollowExternalLinks":false,"featuredImageNotice":"Det udvalgt billede skal v\u00e6re mindst 200 x 200 px, for at Facebook og andre sociale medier bruger billede.","pluginReviewed":false,"postSettings":{"linkSuggestions":true,"useFocusKeyword":false},"frontEndScore":false,"postName":"neden-sosyal-medya-reklamlari","permalinkFormat":"https:\/\/hashtagmedia.no\/da\/%pagename%\/","showLockModifiedDate":true,"assessor":{"focusKeywordLink":"https:\/\/hashtagmedia.no\/wp-admin\/edit.php?focus_keyword=%focus_keyword%&post_type=%post_type%","hasTOCPlugin":true,"primaryTaxonomy":false,"serpData":{"title":"","description":"","focusKeywords":"","pillarContent":false,"canonicalUrl":"","breadcrumbTitle":"","advancedRobots":{"max-snippet":"-1","max-video-preview":"-1","max-image-preview":"large"},"facebookTitle":"","facebookDescription":"","facebookImage":"","facebookImageID":"","facebookHasOverlay":false,"facebookImageOverlay":"","facebookAuthor":"","twitterCardType":"","twitterUseFacebook":true,"twitterTitle":"","twitterDescription":"","twitterImage":"","twitterImageID":"","twitterHasOverlay":false,"twitterImageOverlay":"","twitterPlayerUrl":"","twitterPlayerSize":"","twitterPlayerStream":"","twitterPlayerStreamCtype":"","twitterAppDescription":"","twitterAppIphoneName":"","twitterAppIphoneID":"","twitterAppIphoneUrl":"","twitterAppIpadName":"","twitterAppIpadID":"","twitterAppIpadUrl":"","twitterAppGoogleplayName":"","twitterAppGoogleplayID":"","twitterAppGoogleplayUrl":"","twitterAppCountry":"","robots":{"index":true},"twitterAuthor":"brugernavn","primaryTerm":0,"authorName":"hashyon","titleTemplate":"%title% %sep% %sitename%","descriptionTemplate":"%excerpt%","showScoreFrontend":true,"lockModifiedDate":false},"powerWords":[],"diacritics":{"A":"[\\u0041\\u24B6\\uFF21\\u00C0\\u00C1\\u00C2\\u1EA6\\u1EA4\\u1EAA\\u1EA8\\u00C3\\u0100\\u0102\\u1EB0\\u1EAE\\u1EB4\\u1EB2\\u0226\\u01E0\\u00C4\\u01DE\\u1EA2\\u00C5\\u01FA\\u01CD\\u0200\\u0202\\u1EA0\\u1EAC\\u1EB6\\u1E00\\u0104\\u023A\\u2C6F]","AA":"[\\uA732]","AE":"[\\u00C6\\u01FC\\u01E2]","AO":"[\\uA734]","AU":"[\\uA736]","AV":"[\\uA738\\uA73A]","AY":"[\\uA73C]","B":"[\\u0042\\u24B7\\uFF22\\u1E02\\u1E04\\u1E06\\u0243\\u0182\\u0181]","C":"[\\u0043\\u24B8\\uFF23\\u0106\\u0108\\u010A\\u010C\\u00C7\\u1E08\\u0187\\u023B\\uA73E]","D":"[\\u0044\\u24B9\\uFF24\\u1E0A\\u010E\\u1E0C\\u1E10\\u1E12\\u1E0E\\u0110\\u018B\\u018A\\u0189\\uA779]","DZ":"[\\u01F1\\u01C4]","Dz":"[\\u01F2\\u01C5]","E":"[\\u0045\\u24BA\\uFF25\\u00C8\\u00C9\\u00CA\\u1EC0\\u1EBE\\u1EC4\\u1EC2\\u1EBC\\u0112\\u1E14\\u1E16\\u0114\\u0116\\u00CB\\u1EBA\\u011A\\u0204\\u0206\\u1EB8\\u1EC6\\u0228\\u1E1C\\u0118\\u1E18\\u1E1A\\u0190\\u018E]","F":"[\\u0046\\u24BB\\uFF26\\u1E1E\\u0191\\uA77B]","G":"[\\u0047\\u24BC\\uFF27\\u01F4\\u011C\\u1E20\\u011E\\u0120\\u01E6\\u0122\\u01E4\\u0193\\uA7A0\\uA77D\\uA77E]","H":"[\\u0048\\u24BD\\uFF28\\u0124\\u1E22\\u1E26\\u021E\\u1E24\\u1E28\\u1E2A\\u0126\\u2C67\\u2C75\\uA78D]","I":"[\\u0049\\u24BE\\uFF29\\u00CC\\u00CD\\u00CE\\u0128\\u012A\\u012C\\u0130\\u00CF\\u1E2E\\u1EC8\\u01CF\\u0208\\u020A\\u1ECA\\u012E\\u1E2C\\u0197]","J":"[\\u004A\\u24BF\\uFF2A\\u0134\\u0248]","K":"[\\u004B\\u24C0\\uFF2B\\u1E30\\u01E8\\u1E32\\u0136\\u1E34\\u0198\\u2C69\\uA740\\uA742\\uA744\\uA7A2]","L":"[\\u004C\\u24C1\\uFF2C\\u013F\\u0139\\u013D\\u1E36\\u1E38\\u013B\\u1E3C\\u1E3A\\u0141\\u023D\\u2C62\\u2C60\\uA748\\uA746\\uA780]","LJ":"[\\u01C7]","Lj":"[\\u01C8]","M":"[\\u004D\\u24C2\\uFF2D\\u1E3E\\u1E40\\u1E42\\u2C6E\\u019C]","N":"[\\u004E\\u24C3\\uFF2E\\u01F8\\u0143\\u00D1\\u1E44\\u0147\\u1E46\\u0145\\u1E4A\\u1E48\\u0220\\u019D\\uA790\\uA7A4]","NJ":"[\\u01CA]","Nj":"[\\u01CB]","O":"[\\u004F\\u24C4\\uFF2F\\u00D2\\u00D3\\u00D4\\u1ED2\\u1ED0\\u1ED6\\u1ED4\\u00D5\\u1E4C\\u022C\\u1E4E\\u014C\\u1E50\\u1E52\\u014E\\u022E\\u0230\\u00D6\\u022A\\u1ECE\\u0150\\u01D1\\u020C\\u020E\\u01A0\\u1EDC\\u1EDA\\u1EE0\\u1EDE\\u1EE2\\u1ECC\\u1ED8\\u01EA\\u01EC\\u00D8\\u01FE\\u0186\\u019F\\uA74A\\uA74C]","OI":"[\\u01A2]","OO":"[\\uA74E]","OU":"[\\u0222]","P":"[\\u0050\\u24C5\\uFF30\\u1E54\\u1E56\\u01A4\\u2C63\\uA750\\uA752\\uA754]","Q":"[\\u0051\\u24C6\\uFF31\\uA756\\uA758\\u024A]","R":"[\\u0052\\u24C7\\uFF32\\u0154\\u1E58\\u0158\\u0210\\u0212\\u1E5A\\u1E5C\\u0156\\u1E5E\\u024C\\u2C64\\uA75A\\uA7A6\\uA782]","S":"[\\u0053\\u24C8\\uFF33\\u1E9E\\u015A\\u1E64\\u015C\\u1E60\\u0160\\u1E66\\u1E62\\u1E68\\u0218\\u015E\\u2C7E\\uA7A8\\uA784]","T":"[\\u0054\\u24C9\\uFF34\\u1E6A\\u0164\\u1E6C\\u021A\\u0162\\u1E70\\u1E6E\\u0166\\u01AC\\u01AE\\u023E\\uA786]","TZ":"[\\uA728]","U":"[\\u0055\\u24CA\\uFF35\\u00D9\\u00DA\\u00DB\\u0168\\u1E78\\u016A\\u1E7A\\u016C\\u00DC\\u01DB\\u01D7\\u01D5\\u01D9\\u1EE6\\u016E\\u0170\\u01D3\\u0214\\u0216\\u01AF\\u1EEA\\u1EE8\\u1EEE\\u1EEC\\u1EF0\\u1EE4\\u1E72\\u0172\\u1E76\\u1E74\\u0244]","V":"[\\u0056\\u24CB\\uFF36\\u1E7C\\u1E7E\\u01B2\\uA75E\\u0245]","VY":"[\\uA760]","W":"[\\u0057\\u24CC\\uFF37\\u1E80\\u1E82\\u0174\\u1E86\\u1E84\\u1E88\\u2C72]","X":"[\\u0058\\u24CD\\uFF38\\u1E8A\\u1E8C]","Y":"[\\u0059\\u24CE\\uFF39\\u1EF2\\u00DD\\u0176\\u1EF8\\u0232\\u1E8E\\u0178\\u1EF6\\u1EF4\\u01B3\\u024E\\u1EFE]","Z":"[\\u005A\\u24CF\\uFF3A\\u0179\\u1E90\\u017B\\u017D\\u1E92\\u1E94\\u01B5\\u0224\\u2C7F\\u2C6B\\uA762]","a":"[\\u0061\\u24D0\\uFF41\\u1E9A\\u00E0\\u00E1\\u00E2\\u1EA7\\u1EA5\\u1EAB\\u1EA9\\u00E3\\u0101\\u0103\\u1EB1\\u1EAF\\u1EB5\\u1EB3\\u0227\\u01E1\\u00E4\\u01DF\\u1EA3\\u00E5\\u01FB\\u01CE\\u0201\\u0203\\u1EA1\\u1EAD\\u1EB7\\u1E01\\u0105\\u2C65\\u0250]","aa":"[\\uA733]","ae":"[\\u00E6\\u01FD\\u01E3]","ao":"[\\uA735]","au":"[\\uA737]","av":"[\\uA739\\uA73B]","ay":"[\\uA73D]","b":"[\\u0062\\u24D1\\uFF42\\u1E03\\u1E05\\u1E07\\u0180\\u0183\\u0253]","c":"[\\u0063\\u24D2\\uFF43\\u0107\\u0109\\u010B\\u010D\\u00E7\\u1E09\\u0188\\u023C\\uA73F\\u2184]","d":"[\\u0064\\u24D3\\uFF44\\u1E0B\\u010F\\u1E0D\\u1E11\\u1E13\\u1E0F\\u0111\\u018C\\u0256\\u0257\\uA77A]","dz":"[\\u01F3\\u01C6]","e":"[\\u0065\\u24D4\\uFF45\\u00E8\\u00E9\\u00EA\\u1EC1\\u1EBF\\u1EC5\\u1EC3\\u1EBD\\u0113\\u1E15\\u1E17\\u0115\\u0117\\u00EB\\u1EBB\\u011B\\u0205\\u0207\\u1EB9\\u1EC7\\u0229\\u1E1D\\u0119\\u1E19\\u1E1B\\u0247\\u025B\\u01DD]","f":"[\\u0066\\u24D5\\uFF46\\u1E1F\\u0192\\uA77C]","g":"[\\u0067\\u24D6\\uFF47\\u01F5\\u011D\\u1E21\\u011F\\u0121\\u01E7\\u0123\\u01E5\\u0260\\uA7A1\\u1D79\\uA77F]","h":"[\\u0068\\u24D7\\uFF48\\u0125\\u1E23\\u1E27\\u021F\\u1E25\\u1E29\\u1E2B\\u1E96\\u0127\\u2C68\\u2C76\\u0265]","hv":"[\\u0195]","i":"[\\u0069\\u24D8\\uFF49\\u00EC\\u00ED\\u00EE\\u0129\\u012B\\u012D\\u00EF\\u1E2F\\u1EC9\\u01D0\\u0209\\u020B\\u1ECB\\u012F\\u1E2D\\u0268\\u0131]","j":"[\\u006A\\u24D9\\uFF4A\\u0135\\u01F0\\u0249]","k":"[\\u006B\\u24DA\\uFF4B\\u1E31\\u01E9\\u1E33\\u0137\\u1E35\\u0199\\u2C6A\\uA741\\uA743\\uA745\\uA7A3]","l":"[\\u006C\\u24DB\\uFF4C\\u0140\\u013A\\u013E\\u1E37\\u1E39\\u013C\\u1E3D\\u1E3B\\u017F\\u0142\\u019A\\u026B\\u2C61\\uA749\\uA781\\uA747]","lj":"[\\u01C9]","m":"[\\u006D\\u24DC\\uFF4D\\u1E3F\\u1E41\\u1E43\\u0271\\u026F]","n":"[\\u006E\\u24DD\\uFF4E\\u01F9\\u0144\\u00F1\\u1E45\\u0148\\u1E47\\u0146\\u1E4B\\u1E49\\u019E\\u0272\\u0149\\uA791\\uA7A5]","nj":"[\\u01CC]","o":"[\\u006F\\u24DE\\uFF4F\\u00F2\\u00F3\\u00F4\\u1ED3\\u1ED1\\u1ED7\\u1ED5\\u00F5\\u1E4D\\u022D\\u1E4F\\u014D\\u1E51\\u1E53\\u014F\\u022F\\u0231\\u00F6\\u022B\\u1ECF\\u0151\\u01D2\\u020D\\u020F\\u01A1\\u1EDD\\u1EDB\\u1EE1\\u1EDF\\u1EE3\\u1ECD\\u1ED9\\u01EB\\u01ED\\u00F8\\u01FF\\u0254\\uA74B\\uA74D\\u0275]","oi":"[\\u01A3]","ou":"[\\u0223]","oo":"[\\uA74F]","p":"[\\u0070\\u24DF\\uFF50\\u1E55\\u1E57\\u01A5\\u1D7D\\uA751\\uA753\\uA755]","q":"[\\u0071\\u24E0\\uFF51\\u024B\\uA757\\uA759]","r":"[\\u0072\\u24E1\\uFF52\\u0155\\u1E59\\u0159\\u0211\\u0213\\u1E5B\\u1E5D\\u0157\\u1E5F\\u024D\\u027D\\uA75B\\uA7A7\\uA783]","s":"[\\u0073\\u24E2\\uFF53\\u015B\\u1E65\\u015D\\u1E61\\u0161\\u1E67\\u1E63\\u1E69\\u0219\\u015F\\u023F\\uA7A9\\uA785\\u1E9B]","ss":"[\\u00DF]","t":"[\\u0074\\u24E3\\uFF54\\u1E6B\\u1E97\\u0165\\u1E6D\\u021B\\u0163\\u1E71\\u1E6F\\u0167\\u01AD\\u0288\\u2C66\\uA787]","tz":"[\\uA729]","u":"[\\u0075\\u24E4\\uFF55\\u00F9\\u00FA\\u00FB\\u0169\\u1E79\\u016B\\u1E7B\\u016D\\u00FC\\u01DC\\u01D8\\u01D6\\u01DA\\u1EE7\\u016F\\u0171\\u01D4\\u0215\\u0217\\u01B0\\u1EEB\\u1EE9\\u1EEF\\u1EED\\u1EF1\\u1EE5\\u1E73\\u0173\\u1E77\\u1E75\\u0289]","v":"[\\u0076\\u24E5\\uFF56\\u1E7D\\u1E7F\\u028B\\uA75F\\u028C]","vy":"[\\uA761]","w":"[\\u0077\\u24E6\\uFF57\\u1E81\\u1E83\\u0175\\u1E87\\u1E85\\u1E98\\u1E89\\u2C73]","x":"[\\u0078\\u24E7\\uFF58\\u1E8B\\u1E8D]","y":"[\\u0079\\u24E8\\uFF59\\u1EF3\\u00FD\\u0177\\u1EF9\\u0233\\u1E8F\\u00FF\\u1EF7\\u1E99\\u1EF5\\u01B4\\u024F\\u1EFF]","z":"[\\u007A\\u24E9\\uFF5A\\u017A\\u1E91\\u017C\\u017E\\u1E93\\u1E95\\u01B6\\u0225\\u0240\\u2C6C\\uA763]"},"researchesTests":["contentHasTOC","contentHasShortParagraphs","contentHasAssets","keywordInTitle","keywordInMetaDescription","keywordInPermalink","keywordIn10Percent","keywordInContent","keywordInSubheadings","keywordInImageAlt","keywordDensity","keywordNotUsed","lengthContent","lengthPermalink","linksHasInternal","linksHasExternals","linksNotAllExternals","titleStartWithKeyword","titleSentiment","titleHasPowerWords","titleHasNumber","hasContentAI"],"hasRedirection":false,"hasBreadcrumb":true},"homeUrl":"https:\/\/hashtagmedia.no\/da","objectID":184,"objectType":"post","locale":"da","localeFull":"da_DK","overlayImages":{"play":{"name":"Afspil ikon","url":"https:\/\/hashtagmedia.no\/wp-content\/plugins\/seo-by-rank-math\/assets\/admin\/img\/icon-play.png","path":"\/home\/admin\/web\/hashtagmedia.no\/public_html\/wp-content\/plugins\/seo-by-rank-math\/assets\/admin\/img\/icon-play.png","position":"middle_center"},"gif":{"name":"GIF ikon","url":"https:\/\/hashtagmedia.no\/wp-content\/plugins\/seo-by-rank-math\/assets\/admin\/img\/icon-gif.png","path":"\/home\/admin\/web\/hashtagmedia.no\/public_html\/wp-content\/plugins\/seo-by-rank-math\/assets\/admin\/img\/icon-gif.png","position":"middle_center"}},"defautOgImage":"https:\/\/hashtagmedia.no\/wp-content\/uploads\/2025\/01\/shutterstock_527768059.jpg","customPermalinks":true,"isUserRegistered":false,"autoSuggestKeywords":false,"connectSiteUrl":"https:\/\/rankmath.com\/auth?site=https%3A%2F%2Fhashtagmedia.no%2Fda&r=https%3A%2F%2Fhashtagmedia.no%2Fda%2Fwp-json%2Fwp%2Fv2%2Fpages%2F184%3Fnonce%3Ddc046990dc","maxTags":5,"trendsIcon":"<svg viewBox=\"0 0 610 610\"><path d=\"M18.85,446,174.32,290.48l58.08,58.08L76.93,504a14.54,14.54,0,0,1-20.55,0L18.83,466.48a14.54,14.54,0,0,1,0-20.55Z\" style=\"fill:#4285f4\"\/><path d=\"M242.65,242.66,377.59,377.6l-47.75,47.75a14.54,14.54,0,0,1-20.55,0L174.37,290.43l47.75-47.75A14.52,14.52,0,0,1,242.65,242.66Z\" style=\"fill:#ea4335\"\/><polygon points=\"319.53 319.53 479.26 159.8 537.34 217.88 377.61 377.62 319.53 319.53\" style=\"fill:#fabb05\"\/><path d=\"M594.26,262.73V118.61h0a16.94,16.94,0,0,0-16.94-16.94H433.2a16.94,16.94,0,0,0-12,28.92L565.34,274.71h0a16.94,16.94,0,0,0,28.92-12Z\" style=\"fill:#34a853\"\/><rect width=\"610\" height=\"610\" style=\"fill:none\"\/><\/svg>","showScore":true,"siteFavIcon":"https:\/\/hashtagmedia.no\/wp-content\/uploads\/2025\/01\/cropped-ikon512-32x32.png","canUser":{"general":false,"advanced":false,"snippet":false,"social":false,"analysis":false,"analytics":false,"content_ai":false},"isPro":false,"is_front_page":false,"trendsUpgradeLink":"https:\/\/rankmath.com\/pricing\/?utm_source=Plugin&utm_medium=CE%20General%20Tab%20Trends&utm_campaign=WP","trendsUpgradeLabel":"Opgrader","trendsPreviewImage":"https:\/\/hashtagmedia.no\/wp-content\/plugins\/seo-by-rank-math\/assets\/admin\/img\/trends-preview.jpg","currentEditor":false,"homepageData":{"assessor":{"powerWords":[],"diacritics":true,"researchesTests":["contentHasTOC","contentHasShortParagraphs","contentHasAssets","keywordInTitle","keywordInMetaDescription","keywordInPermalink","keywordIn10Percent","keywordInContent","keywordInSubheadings","keywordInImageAlt","keywordDensity","keywordNotUsed","lengthContent","lengthPermalink","linksHasInternal","linksHasExternals","linksNotAllExternals","titleStartWithKeyword","titleSentiment","titleHasPowerWords","titleHasNumber","hasContentAI"],"hasBreadcrumb":true,"serpData":{"title":"%sitename% %page% %sep% %sitedesc%","description":"","titleTemplate":"%sitename% %page% %sep% %sitedesc%","descriptionTemplate":"","focusKeywords":"","breadcrumbTitle":"Home","robots":{"index":true},"advancedRobots":{"max-snippet":"-1","max-video-preview":"-1","max-image-preview":"large"},"facebookTitle":"","facebookDescription":"","facebookImage":"","facebookImageID":""}}},"tocTitle":"Table of Contents","tocExcludeHeadings":[],"listStyle":"ul"},"_links":{"self":[{"href":"https:\/\/hashtagmedia.no\/da\/wp-json\/wp\/v2\/pages\/184","targetHints":{"allow":["GET"]}}],"collection":[{"href":"https:\/\/hashtagmedia.no\/da\/wp-json\/wp\/v2\/pages"}],"about":[{"href":"https:\/\/hashtagmedia.no\/da\/wp-json\/wp\/v2\/types\/page"}],"author":[{"embeddable":true,"href":"https:\/\/hashtagmedia.no\/da\/wp-json\/wp\/v2\/users\/1"}],"replies":[{"embeddable":true,"href":"https:\/\/hashtagmedia.no\/da\/wp-json\/wp\/v2\/comments?post=184"}],"version-history":[{"count":31,"href":"https:\/\/hashtagmedia.no\/da\/wp-json\/wp\/v2\/pages\/184\/revisions"}],"predecessor-version":[{"id":228,"href":"https:\/\/hashtagmedia.no\/da\/wp-json\/wp\/v2\/pages\/184\/revisions\/228"}],"up":[{"embeddable":true,"href":"https:\/\/hashtagmedia.no\/da\/wp-json\/wp\/v2\/pages\/63"}],"wp:attachment":[{"href":"https:\/\/hashtagmedia.no\/da\/wp-json\/wp\/v2\/media?parent=184"}],"curies":[{"name":"wp","href":"https:\/\/api.w.org\/{rel}","templated":true}]}}